{"id":1837,"date":"2023-01-10T20:27:57","date_gmt":"2023-01-10T17:27:57","guid":{"rendered":"https:\/\/www.taliadriedflower.com\/%d0%b1%d0%bb%d0%be%d0%b3\/"},"modified":"2023-02-22T00:57:23","modified_gmt":"2023-02-21T21:57:23","slug":"%d0%b1%d0%bb%d0%be%d0%b3","status":"publish","type":"page","link":"https:\/\/www.taliadriedflower.com\/ru\/%d0%b1%d0%bb%d0%be%d0%b3\/","title":{"rendered":"\u0411\u043b\u043e\u0433"},"content":{"rendered":"\t\t<div data-elementor-type=\"wp-page\" data-elementor-id=\"1837\" class=\"elementor elementor-1837 elementor-228\">\n\t\t\t\t\t\t\t\t\t<section class=\"elementor-section elementor-top-section elementor-element elementor-element-2d1c5b39 elementor-section-boxed elementor-section-height-default elementor-section-height-default\" data-id=\"2d1c5b39\" data-element_type=\"section\" data-settings=\"{&quot;background_background&quot;:&quot;classic&quot;}\">\n\t\t\t\t\t\t<div class=\"elementor-container elementor-column-gap-default\">\n\t\t\t\t\t<div class=\"elementor-column elementor-col-50 elementor-top-column elementor-element elementor-element-1f756653\" data-id=\"1f756653\" data-element_type=\"column\">\n\t\t\t<div class=\"elementor-widget-wrap elementor-element-populated\">\n\t\t\t\t\t\t\t\t<div class=\"elementor-element elementor-element-27f50217 elementor-widget elementor-widget-image\" data-id=\"27f50217\" data-element_type=\"widget\" data-widget_type=\"image.default\">\n\t\t\t\t<div class=\"elementor-widget-container\">\n\t\t\t<style>\/*! elementor - v3.10.1 - 17-01-2023 *\/\n.elementor-widget-image{text-align:center}.elementor-widget-image a{display:inline-block}.elementor-widget-image a img[src$=\".svg\"]{width:48px}.elementor-widget-image img{vertical-align:middle;display:inline-block}<\/style>\t\t\t\t\t\t\t\t\t\t\t\t<img loading=\"lazy\" decoding=\"async\" width=\"650\" height=\"433\" src=\"https:\/\/www.taliadriedflower.com\/wp-content\/uploads\/2023\/01\/9032.jpg\" class=\"attachment-large size-large wp-image-132\" alt=\"\" srcset=\"https:\/\/www.taliadriedflower.com\/wp-content\/uploads\/2023\/01\/9032.jpg 650w, https:\/\/www.taliadriedflower.com\/wp-content\/uploads\/2023\/01\/9032-300x200.jpg 300w\" sizes=\"auto, (max-width: 650px) 100vw, 650px\" \/>\t\t\t\t\t\t\t\t\t\t\t\t\t\t\t<\/div>\n\t\t\t\t<\/div>\n\t\t\t\t<div class=\"elementor-element elementor-element-4ce2b5a2 elementor-widget elementor-widget-image\" data-id=\"4ce2b5a2\" data-element_type=\"widget\" data-widget_type=\"image.default\">\n\t\t\t\t<div class=\"elementor-widget-container\">\n\t\t\t\t\t\t\t\t\t\t\t\t\t\t\t<img loading=\"lazy\" decoding=\"async\" width=\"650\" height=\"433\" src=\"https:\/\/www.taliadriedflower.com\/wp-content\/uploads\/2023\/01\/9127.jpg\" class=\"attachment-large size-large wp-image-232\" alt=\"\" srcset=\"https:\/\/www.taliadriedflower.com\/wp-content\/uploads\/2023\/01\/9127.jpg 650w, https:\/\/www.taliadriedflower.com\/wp-content\/uploads\/2023\/01\/9127-300x200.jpg 300w\" sizes=\"auto, (max-width: 650px) 100vw, 650px\" \/>\t\t\t\t\t\t\t\t\t\t\t\t\t\t\t<\/div>\n\t\t\t\t<\/div>\n\t\t\t\t\t<\/div>\n\t\t<\/div>\n\t\t\t\t<div class=\"elementor-column elementor-col-50 elementor-top-column elementor-element elementor-element-4c19a4d3\" data-id=\"4c19a4d3\" data-element_type=\"column\">\n\t\t\t<div class=\"elementor-widget-wrap elementor-element-populated\">\n\t\t\t\t\t\t\t\t<div class=\"elementor-element elementor-element-18b38dc elementor-widget elementor-widget-heading\" data-id=\"18b38dc\" data-element_type=\"widget\" data-widget_type=\"heading.default\">\n\t\t\t\t<div class=\"elementor-widget-container\">\n\t\t\t<style>\/*! elementor - v3.10.1 - 17-01-2023 *\/\n.elementor-heading-title{padding:0;margin:0;line-height:1}.elementor-widget-heading .elementor-heading-title[class*=elementor-size-]>a{color:inherit;font-size:inherit;line-height:inherit}.elementor-widget-heading .elementor-heading-title.elementor-size-small{font-size:15px}.elementor-widget-heading .elementor-heading-title.elementor-size-medium{font-size:19px}.elementor-widget-heading .elementor-heading-title.elementor-size-large{font-size:29px}.elementor-widget-heading .elementor-heading-title.elementor-size-xl{font-size:39px}.elementor-widget-heading .elementor-heading-title.elementor-size-xxl{font-size:59px}<\/style><h1 class=\"elementor-heading-title elementor-size-default\">\u0411\u043b\u043e\u0433<\/h1>\t\t<\/div>\n\t\t\t\t<\/div>\n\t\t\t\t<div class=\"elementor-element elementor-element-be6d388 elementor-widget elementor-widget-text-editor\" data-id=\"be6d388\" data-element_type=\"widget\" data-widget_type=\"text-editor.default\">\n\t\t\t\t<div class=\"elementor-widget-container\">\n\t\t\t<style>\/*! elementor - v3.10.1 - 17-01-2023 *\/\n.elementor-widget-text-editor.elementor-drop-cap-view-stacked .elementor-drop-cap{background-color:#818a91;color:#fff}.elementor-widget-text-editor.elementor-drop-cap-view-framed .elementor-drop-cap{color:#818a91;border:3px solid;background-color:transparent}.elementor-widget-text-editor:not(.elementor-drop-cap-view-default) .elementor-drop-cap{margin-top:8px}.elementor-widget-text-editor:not(.elementor-drop-cap-view-default) .elementor-drop-cap-letter{width:1em;height:1em}.elementor-widget-text-editor .elementor-drop-cap{float:left;text-align:center;line-height:1;font-size:50px}.elementor-widget-text-editor .elementor-drop-cap-letter{display:inline-block}<\/style>\t\t\t\t\u0426\u0432\u0435\u0442\u044b, \u0438\u0441\u043f\u043e\u043b\u044c\u0437\u0443\u0435\u043c\u044b\u0435 \u0432 \u0441\u0443\u0445\u043e\u0439 \u0444\u043b\u043e\u0440\u0438\u0441\u0442\u0438\u043a\u0435, \u0432\u043a\u043b\u044e\u0447\u0430\u044e\u0442 \u0431\u043e\u043b\u044c\u0448\u043e\u0435 \u0440\u0430\u0437\u043d\u043e\u043e\u0431\u0440\u0430\u0437\u0438\u0435 \u0432\u0438\u0434\u043e\u0432, \u0442\u0430\u043a\u0438\u0445 \u043a\u0430\u043a \u043a\u0430\u043a\u0442\u0443\u0441, \u0441\u0432\u0435\u0447\u0430, \u043b\u0430\u0432\u0430\u043d\u0434\u0430, \u043a\u0435\u0434\u0440, \u0448\u0438\u043f\u043e\u0432\u043d\u0438\u043a, \u0448\u0430\u043b\u0444\u0435\u0439, \u0430\u0441\u0442\u0440\u0430. \u041e\u0434\u043d\u0430\u043a\u043e \u0441\u0440\u0435\u0434\u0438 \u0432\u044b\u0441\u0443\u0448\u0435\u043d\u043d\u044b\u0445 \u0438\u043b\u0438 \u043f\u0440\u0435\u0441\u0441\u043e\u0432\u0430\u043d\u043d\u044b\u0445 \u0446\u0432\u0435\u0442\u043e\u0432 \u043d\u0430\u0438\u0431\u043e\u043b\u0435\u0435 \u043f\u043e\u043f\u0443\u043b\u044f\u0440\u043d\u044b \u044d\u0445\u0438\u043d\u043e\u043f\u0441, \u0441\u0442\u0430\u0442\u0438\u0446\u0430, \u043f\u0430\u043c\u043f\u0430\u0441\u043d\u044b\u0435 \u0442\u0440\u0430\u0432\u044b, \u043c\u043e\u043b\u043e\u0447\u0430\u0439, \u0441\u0443\u0448\u0435\u043d\u0430\u044f \u043b\u0430\u0432\u0430\u043d\u0434\u0430, \u0441\u0443\u0448\u0435\u043d\u044b\u0435 \u0441\u0432\u0435\u0447\u0438 \u0438 \u0442.\u0434.\n\n\t\t\t\t\t\t<\/div>\n\t\t\t\t<\/div>\n\t\t\t\t\t<\/div>\n\t\t<\/div>\n\t\t\t\t\t\t\t<\/div>\n\t\t<\/section>\n\t\t\t\t<section class=\"elementor-section elementor-top-section elementor-element elementor-element-353e0de7 elementor-section-boxed elementor-section-height-default elementor-section-height-default\" data-id=\"353e0de7\" data-element_type=\"section\">\n\t\t\t\t\t\t<div class=\"elementor-container elementor-column-gap-default\">\n\t\t\t\t\t<div class=\"elementor-column elementor-col-100 elementor-top-column elementor-element elementor-element-7adae110\" data-id=\"7adae110\" data-element_type=\"column\">\n\t\t\t<div class=\"elementor-widget-wrap elementor-element-populated\">\n\t\t\t\t\t\t\t\t<div class=\"elementor-element elementor-element-21609bf2 elementor-widget elementor-widget-elementskit-blog-posts\" data-id=\"21609bf2\" data-element_type=\"widget\" data-widget_type=\"elementskit-blog-posts.default\">\n\t\t\t\t<div class=\"elementor-widget-container\">\n\t\t\t<div class=\"ekit-wid-con\" >        <div id=\"post-items--21609bf2\" class=\"row post-items\">\n                <\/div>\n       <\/div>\t\t<\/div>\n\t\t\t\t<\/div>\n\t\t\t\t\t<\/div>\n\t\t<\/div>\n\t\t\t\t\t\t\t<\/div>\n\t\t<\/section>\n\t\t\t\t\t\t\t<\/div>\n\t\t","protected":false},"excerpt":{"rendered":"<p>\u0411\u043b\u043e\u0433 \u0426\u0432\u0435\u0442\u044b, \u0438\u0441\u043f\u043e\u043b\u044c\u0437\u0443\u0435\u043c\u044b\u0435 \u0432 \u0441\u0443\u0445\u043e\u0439 \u0444\u043b\u043e\u0440\u0438\u0441\u0442\u0438\u043a\u0435, \u0432\u043a\u043b\u044e\u0447\u0430\u044e\u0442 \u0431\u043e\u043b\u044c\u0448\u043e\u0435 \u0440\u0430\u0437\u043d\u043e\u043e\u0431\u0440\u0430\u0437\u0438\u0435 \u0432\u0438\u0434\u043e\u0432, \u0442\u0430\u043a\u0438\u0445 \u043a\u0430\u043a \u043a\u0430\u043a\u0442\u0443\u0441, \u0441\u0432\u0435\u0447\u0430, \u043b\u0430\u0432\u0430\u043d\u0434\u0430, \u043a\u0435\u0434\u0440, \u0448\u0438\u043f\u043e\u0432\u043d\u0438\u043a, \u0448\u0430\u043b\u0444\u0435\u0439, \u0430\u0441\u0442\u0440\u0430. \u041e\u0434\u043d\u0430\u043a\u043e \u0441\u0440\u0435\u0434\u0438 \u0432\u044b\u0441\u0443\u0448\u0435\u043d\u043d\u044b\u0445 \u0438\u043b\u0438 \u043f\u0440\u0435\u0441\u0441\u043e\u0432\u0430\u043d\u043d\u044b\u0445 \u0446\u0432\u0435\u0442\u043e\u0432 \u043d\u0430\u0438\u0431\u043e\u043b\u0435\u0435 \u043f\u043e\u043f\u0443\u043b\u044f\u0440\u043d\u044b \u044d\u0445\u0438\u043d\u043e\u043f\u0441, \u0441\u0442\u0430\u0442\u0438\u0446\u0430, \u043f\u0430\u043c\u043f\u0430\u0441\u043d\u044b\u0435 \u0442\u0440\u0430\u0432\u044b, \u043c\u043e\u043b\u043e\u0447\u0430\u0439, \u0441\u0443\u0448\u0435\u043d\u0430\u044f \u043b\u0430\u0432\u0430\u043d\u0434\u0430, \u0441\u0443\u0448\u0435\u043d\u044b\u0435 \u0441\u0432\u0435\u0447\u0438 \u0438 \u0442.\u0434. Kuru \u00c7icekcilik Nerelerde Kullan\u0131l\u0131r? Kuru \u00e7i\u00e7ek\u00e7ilik, \u00e7i\u00e7eklerin kurutulmas\u0131 veya preslenmesi yoluyla yap\u0131lan bir sanatt\u0131r. Kuru \u00e7i\u00e7ekler, bir\u00e7ok [&hellip;]<\/p>\n","protected":false},"author":1,"featured_media":0,"parent":0,"menu_order":0,"comment_status":"closed","ping_status":"closed","template":"elementor_header_footer","meta":{"footnotes":""},"class_list":["post-1837","page","type-page","status-publish","hentry"],"_links":{"self":[{"href":"https:\/\/www.taliadriedflower.com\/ru\/wp-json\/wp\/v2\/pages\/1837","targetHints":{"allow":["GET"]}}],"collection":[{"href":"https:\/\/www.taliadriedflower.com\/ru\/wp-json\/wp\/v2\/pages"}],"about":[{"href":"https:\/\/www.taliadriedflower.com\/ru\/wp-json\/wp\/v2\/types\/page"}],"author":[{"embeddable":true,"href":"https:\/\/www.taliadriedflower.com\/ru\/wp-json\/wp\/v2\/users\/1"}],"replies":[{"embeddable":true,"href":"https:\/\/www.taliadriedflower.com\/ru\/wp-json\/wp\/v2\/comments?post=1837"}],"version-history":[{"count":3,"href":"https:\/\/www.taliadriedflower.com\/ru\/wp-json\/wp\/v2\/pages\/1837\/revisions"}],"predecessor-version":[{"id":1840,"href":"https:\/\/www.taliadriedflower.com\/ru\/wp-json\/wp\/v2\/pages\/1837\/revisions\/1840"}],"wp:attachment":[{"href":"https:\/\/www.taliadriedflower.com\/ru\/wp-json\/wp\/v2\/media?parent=1837"}],"curies":[{"name":"wp","href":"https:\/\/api.w.org\/{rel}","templated":true}]}}